{"id":17,"date":"2015-04-03T15:57:47","date_gmt":"2015-04-03T13:57:47","guid":{"rendered":"http:\/\/www.123chemie.de\/onlineshop\/?page_id=17"},"modified":"2018-03-21T12:20:56","modified_gmt":"2018-03-21T11:20:56","slug":"agb","status":"publish","type":"page","link":"https:\/\/www.123chemie.de\/onlineshop\/agb\/","title":{"rendered":"AGB \u2013 Nutzungsbestimmungen und Allgemeine Gesch\u00e4ftsbedingungen"},"content":{"rendered":"<p>\u00a7 1 Geltung der Allgemeinen Gesch\u00e4ftsbedingungen<br \/>\n(1) Diese Allgemeinen Gesch\u00e4ftsbedingungen (im Folgenden: \u201eAGB\u201c) gelten f\u00fcr alle im Online-Shop von 123chemie, Benno K\u00f6hler, Fasanenweg 9, 34626 Neukirchen (im Folgenden auch: \u201ewir\u201c oder \u201euns&#8220;) get\u00e4tigten Bestellungen. Die AGB gelten unabh\u00e4ngig davon, ob Sie als Verbraucher, Unternehmer, Kaufmann oder z. B. juristische Person des \u00f6ffentlichen Rechts bestellen.<br \/>\n(2) Entgegenstehende Bedingungen von Kunden werden nicht Vertragsinhalt, und zwar auch dann nicht, wenn wir der Einbeziehung nicht widersprechen.<\/p>\n<p>\u00a7 2 Vertragsschluss und Speicherung des Vertragstextes<br \/>\n(1) Die Produktdarstellungen im Online-Shop sind keine verbindlichen Angebote unsererseits, sondern sollen Ihnen die Abgabe einer Bestellung erm\u00f6glichen. Mit dem Anklicken des Buttons \u201cJetzt kaufen\u201d geben Sie eine verbindliche Bestellung ab.<br \/>\n(2) Sie k\u00f6nnen unsere Produkte zun\u00e4chst unverbindlich in den Warenkorb legen und Ihre Eingaben vor Absenden Ihrer verbindlichen Bestellung jederzeit korrigieren, indem Sie die hierf\u00fcr im Bestellablauf vorgesehenen und erl\u00e4uterten Korrekturhilfen nutzen. Durch Anklicken des Bestellbuttons \u201cJetzt kaufen\u201d geben Sie eine verbindliche Bestellung der im Warenkorb enthaltenen Waren ab. Mit dem Absenden der Bestellung erkennen Sie auch diese Gesch\u00e4ftsbedingungen als f\u00fcr das Rechtsverh\u00e4ltnis mit uns allein ma\u00dfgeblich an.<br \/>\n(3) Wir best\u00e4tigen Ihnen den Zugang Ihrer Bestellung innerhalb von 1 bis 3 Werktagen durch eine E-Mail mit dem Zugangscode sowie der Bereitstellung der digitalen Produkte und Unterrichtung hier\u00fcber zum Vertragsschluss. Diese Bestellbest\u00e4tigung stellt keine verbindliche Annahme der Bestellung dar.<br \/>\n(4) Der Vertrag zwischen uns und Ihnen kommt mit der Zusendung der Rechnung zustande.<br \/>\n(5) Der Vertragstext wird auf unseren internen Systemen gespeichert. Die AGB k\u00f6nnen Sie jederzeit auf dieser Seite einsehen. Die Bestelldaten werden Ihnen per E-Mail zugesendet.<\/p>\n<p>\u00a7 3 Vorbehalt der Nichtverf\u00fcgbarkeit<br \/>\n(1) Wir behalten uns vor, von einer Ausf\u00fchrung Ihrer Bestellung abzusehen, wenn wir den bestellten Titel nicht verf\u00fcgbar haben. In diesem Fall werden wir Sie unverz\u00fcglich \u00fcber die Nichtverf\u00fcgbarkeit informieren und einen gegebenenfalls von Ihnen bereits gezahlten Kaufpreis unverz\u00fcglich r\u00fcckerstatten.<br \/>\n(2) Das digitale Chemieregal wird als Software im SaaS-Betrieb von ID.on GmbH, Am Graswege 6, 30169 Hannover auf einem virtuellen Server in Deutschland zur Nutzung zur Verf\u00fcgung gestellt und garantiert eine Verf\u00fcgbarkeit des Servers von 99,5% im Jahresmittel.<br \/>\n(3) Wenn eine Ursache, die ID.on nicht zu vertreten hat, einschlie\u00dflich Streik oder Aussperrung, die Termineinhaltung beeintr\u00e4chtigt (,\u201aSt\u00f6rung\u201c), verschieben sich die Termine um die Dauer der St\u00f6rung, erforderlichenfalls einschlie\u00dflich einer angemessenen Wiederanlaufphase. Ein Vertragspartner hat den anderen Vertragspartner \u00fcber die Ursache einer in seinem Bereich aufgetretenen St\u00f6rung und die Dauer der Verschiebung unverz\u00fcglich zu unterrichten.<\/p>\n<p>\u00a7 4 Preise<br \/>\n(1) Die in diesem Online-Shop genannten Preise enthalten die gesetzliche Mehrwertsteuer.<br \/>\n(2) Die von uns angegebenen Preise gelten vorbehaltlich etwaiger \u00c4nderungen durch uns. In diesem Fall gilt der gebundene Ladenpreis am Tag des Versands der Ware an den Kunden.<br \/>\n(3) Preis\u00e4nderungen sind vorbehalten. Sollte die Mehrwertsteuer erh\u00f6ht werden, erh\u00f6hen sich auch unsere Preise entsprechend.<\/p>\n<p>\u00a7 5 Lieferung<br \/>\n(1) Sofern nicht anders vereinbart, erfolgt die Nutzung des digitalen Chemieregals an die vom Besteller angegebene Emailadresse.<br \/>\n(2) Bestellungen von Endabnehmern (Sch\u00fcler, Nichtlehrkr\u00e4fte) sind per Vorkasse m\u00f6glich.<br \/>\n(3) Die Lieferung erfolgt sp\u00e4testens innerhalb von ein bis drei Arbeitstagen (Montag bis Freitag, Feiertage ausgenommen).<br \/>\n(4) Die Laufzeit f\u00fcr das digitale Chemieregal betr\u00e4gt ein Jahr, wobei eine dem Schuljahresrhythmus angepasste Zeitspanne gew\u00e4hlt wird.<br \/>\n(5) Die Rechnung erhalten Sie zusammen mit der Lieferung.<\/p>\n<p>\u00a7 6 Zahlungsbedingungen<br \/>\n(1) Die Zahlung erfolgt per Rechnung bei Lieferung mit einem Zahlungsziel von 8 Tagen \/ 2 % Skonto oder 30 Tage netto.<br \/>\n(2) Sofern nicht anders verabredet, wird der Kaufpreis mit Zustandekommen des Vertrages f\u00e4llig.<br \/>\n(3) Wir behalten uns vor, gegen Vorauskasse zu liefern.<\/p>\n<p>\u00a7 7 Eigentumsvorbehalt<br \/>\n(1) Die gelieferte Ware bleibt bis zur vollst\u00e4ndigen Bezahlung des Kaufpreises unser Eigentum.<br \/>\n(2) Alle gelieferten Waren bleiben bis zur restlosen Bezahlung in unserem Eigentum, jedoch ist dem Besteller der Weiterverkauf im Rahmen eines ordnungsgem\u00e4\u00dfen Gesch\u00e4ftsverkehrs gestattet. In diesem Falle geht die f\u00fcr den Weiterverkauf erhaltene Zahlung oder Forderung auf uns \u00fcber. Andere Verf\u00fcgungen \u00fcber die Vorbehaltsware sind dem K\u00e4ufer untersagt. Der Besteller muss ferner den aus dem Weiterverkauf der Vorbehaltsware erhaltenen Geldbetrag unverz\u00fcglich an uns abf\u00fchren bzw. auf Verlangen die daf\u00fcr erhaltene Forderung namentlich angeben. Der Besteller haftet f\u00fcr den Eingang dieser Forderung.<br \/>\n(3) Der Kunde erkennt an, dass die Software und die Inhalte von 123Chemie- auch in k\u00fcnftigen Versionen &#8211; urheberrechtlich gesch\u00fctzt sind. Insbesondere Quellprogramme sind Betriebsgeheimnisse. Der Kunde trifft zeitlich unbegrenzte Vorsorge, dass Quellprogramme ohne Zustimmung Dritten nicht zug\u00e4nglich werden. Die \u00dcbertragung von Quellprogrammen bedarf der vorherigen Einwilligung in Textform.<\/p>\n<p>\u00a7 8 Widerrufsrecht<br \/>\n(1) Verbraucher haben ein vierzehnt\u00e4giges Widerrufsrecht.<br \/>\n(2) Widerrufsbelehrung<br \/>\nSie haben das Recht, binnen vierzehn Tagen ohne Angabe von Gr\u00fcnden diesen Vertrag zu widerrufen. Die Widerrufsfrist betr\u00e4gt vierzehn Tage ab dem Tag des Vertragsabschlusses.<br \/>\nUm Ihr Widerrufsrecht auszu\u00fcben, m\u00fcssen Sie<br \/>\nBenno K\u00f6hler, Fasanenweg 9, 34626 Neukirchen, &#105;&#110;fo&#64;&#49;23&#99;&#104;emi&#101;&#46;&#100;&#101;,<br \/>\nTel.: + 49 (6694) 7645, Fax: + 49 (6694) 5884<br \/>\nmittels einer eindeutigen Erkl\u00e4rung (z. B. ein mit der Post versandter Brief, Telefax oder E-Mail) \u00fcber Ihren Entschluss, diesen Vertrag zu widerrufen, informieren.<br \/>\nSie k\u00f6nnen daf\u00fcr das beigef\u00fcgte Muster-Widerrufsformular verwenden, das jedoch nicht vorgeschrieben ist.<br \/>\nZur Wahrung der Widerrufsfrist reicht es aus, dass Sie die Mitteilung \u00fcber die Aus\u00fcbung des Widerrufsrechts vor Ablauf der Widerrufsfrist absenden.<br \/>\n(3) Widerrufsbelehrung f\u00fcr digitale Inhalte: Das Widerrufsrecht erlischt bei einem Vertrag \u00fcber die Lieferung von nicht auf einem k\u00f6rperlichen Datentr\u00e4ger befindlichen digitalen Inhalten dann, wenn Sie mit der Ausf\u00fchrung des Vertrags begonnen haben, nachdem Sie dazu seine ausdr\u00fcckliche Zustimmung gegeben haben und gleichzeitig Ihre Kenntnis davon best\u00e4tigt haben, dass das Widerrufsrecht mit Beginn der Vertragsausf\u00fchrung endet.<br \/>\n(4) Mit Eingabe des Codes in der Software erlischt Ihr Widerrufsrecht. Sie stimmen dann ausdr\u00fccklich zu, dass Ihnen 123chemie die digitalen Inhalte vor Ablauf der Widerrufsfrist zur Nutzung \u00fcberl\u00e4sst und best\u00e4tigen durch die Eingabe, dass Sie mit Beginn der Nutzung der digitalen Inhalte Ihr Widerrufsrecht verlieren.<br \/>\n(5) Folgen des Widerrufs<br \/>\nWenn Sie diesen Vertrag widerrufen, haben wir Ihnen alle Zahlungen, die wir von Ihnen erhalten haben, unverz\u00fcglich und sp\u00e4testens binnen vierzehn Tagen ab dem Tag zur\u00fcckzuzahlen, an dem die Mitteilung \u00fcber Ihren Widerruf dieses Vertrags bei uns eingegangen ist. F\u00fcr diese R\u00fcckzahlung verwenden wir dasselbe Zahlungsmittel, das Sie bei der urspr\u00fcnglichen Transaktion eingesetzt haben, es sei denn, mit Ihnen wurde ausdr\u00fccklich etwas anderes vereinbart; in keinem Fall werden Ihnen wegen dieser R\u00fcckzahlung Entgelte berechnet.<br \/>\n(6) Widerrufsformular<br \/>\nHier finden Sie ein Formular, das Sie f\u00fcr Ihren Widerruf verwenden k\u00f6nnen. Wenn Sie den Vertrag widerrufen wollen, dann f\u00fcllen Sie bitte dieses Formular aus und senden Sie es zur\u00fcck.<\/p>\n<p>&#8212; Beginn des Wiederrufformulars &#8212;-<br \/>\nAn<br \/>\nBenno K\u00f6hler<br \/>\nFasanenweg 9<br \/>\n34626 Neukirchen<\/p>\n<p>Hiermit widerrufe(n) ich\/wir den von mir\/uns abgeschlossenen Vertrag u\u0308ber den Kauf der folgenden Waren \/ die Erbringung der folgenden Dienstleistung:<br \/>\n&#8230;&#8230;&#8230;&#8230;&#8230;&#8230;&#8230;&#8230;&#8230;&#8230;&#8230;&#8230;&#8230;&#8230;&#8230;&#8230;&#8230;&#8230;&#8230;&#8230;&#8230;&#8230;&#8230;&#8230;&#8230;.<br \/>\n&#8230;&#8230;&#8230;&#8230;&#8230;&#8230;&#8230;&#8230;&#8230;&#8230;&#8230;&#8230;&#8230;&#8230;&#8230;&#8230;&#8230;&#8230;&#8230;&#8230;&#8230;&#8230;&#8230;&#8230;&#8230;&#8230;<br \/>\n(Name der Ware, Bestellnummer und Preis)<br \/>\nWare bestellt am:<br \/>\n&#8230;&#8230;&#8230;&#8230;&#8230;&#8230;&#8230;&#8230;&#8230;.. Datum<br \/>\nWare erhalten am:<br \/>\n&#8230;&#8230;&#8230;&#8230;&#8230;&#8230;&#8230;&#8230;&#8230;.. Datum<\/p>\n<p>Name und Anschrift des Verbrauchers<br \/>\n&#8230;&#8230;&#8230;&#8230;&#8230;&#8230;&#8230;&#8230;&#8230;..<br \/>\n&#8230;&#8230;&#8230;&#8230;&#8230;&#8230;&#8230;&#8230;&#8230;..<br \/>\nDatum<br \/>\n&#8230;&#8230;&#8230;&#8230;&#8230;&#8230;&#8230;&#8230;&#8230;&#8230;&#8230;&#8230;&#8230;&#8230;&#8230;&#8230;&#8230;.<br \/>\nUnterschrift Kunde (nur bei schriftlichem Widerruf)<br \/>\n&#8212; Ende des Wiederrufformulars &#8212;-<\/p>\n<p>\u00a7 9 Urheberrecht und Nutzungsrechte<br \/>\n(1) Die Produkte unseres Online-Shops sind urheberrechtlich gesch\u00fctzt. Als unser Vertragspartner verpflichteten Sie sich, die Urheberrechte sowie die von den Kultusministerien der L\u00e4nder getroffenen Vereinbarungen zum (digitalen) Kopieren an Schulen anzuerkennen und einzuhalten.<br \/>\n(2) Abweichungen von den Bedingungen des Absatzes (2) ergeben sich im Hinblick auf die Eigenart des jeweiligen digitalen Produkts gegebenenfalls aus Nutzungsbedingungen f\u00fcr die Inhalte der Bildergalerie, die Ihnen vor dem Kauf des jeweiligen digitalen Produkts im Online-Shop mitgeteilt werden. Der Abschluss des Kaufvertrages setzt Ihr Einverst\u00e4ndnis mit diesen von Absatz abweichenden Nutzungsbedingungen voraus.<br \/>\n(3) Mit Zahlung des Kaufpreises f\u00fcr die im Online-Shop angebotenen digitalen Produkte erteilen wir Ihnen ein nicht \u00fcbertragbares Recht zur Nutzung der digitalen Inhalte f\u00fcr den privaten bzw. schulinternen Gebrauch. Sie d\u00fcrfen die digitalen Inhalte nur zum privaten und schulinternen Gebrauch kopieren und speichern. Sie versichern und stimmen zu, dass Sie die digitalen Produkte nicht zur Weiterverbreitung der digitalen Inhalte oder zu sonstigen Zwecken nutzen werden.<br \/>\n(4) Die Nutzungsrechte sind, soweit vertraglich keine andere Regelung getroffen wurde, f\u00fcr ein Jahr \u00fcberlassen.<br \/>\n(5) Die Nutzungsrechte verl\u00e4ngern sich automatisch um je ein weiteres Jahr, wenn sie nicht mit einer Frist von drei Monaten zum Ende der jeweiligen Vertragslaufzeit schriftlich gek\u00fcndigt werden.<\/p>\n<p>\u00a7 10 Haftung und Haftungsbeschr\u00e4nkung<br \/>\n(1) Wir haften f\u00fcr Sch\u00e4den aus der Verletzung des Lebens, des K\u00f6rpers oder der Gesundheit oder aus \u00fcbernommenen Garantien oder nach dem Produkthaftungsgesetz f\u00fcr Vorsatz und jede Fahrl\u00e4ssigkeit.<br \/>\n(2) Bei etwaigen Sach- oder Rechtsm\u00e4ngeln gelieferter Produkte stehen Ihnen alle nach den gesetzlichen Bestimmungen bestehenden Rechte zu, jedoch mit der Ma\u00dfgabe, dass f\u00fcr Anspr\u00fcche auf Schadensersatz oder Ersatz vergeblicher Aufwendungen die in den folgenden Abs\u00e4tzen vorgesehenen Beschr\u00e4nkungen und Ausschl\u00fcsse gelten.<br \/>\n(3) Wir haften in allen F\u00e4llen vertraglicher und au\u00dfervertraglicher Haftung bei Vorsatz und grober Fahrl\u00e4ssigkeit nach Ma\u00dfgabe der gesetzlichen Bestimmungen auf Schadensersatz und Ersatz vergeblicher Aufwendungen.<br \/>\n(4) Im \u00dcbrigen haften wir nur bei Verletzung einer sogenannten Kardinalpflicht, also einer Vertragspflicht, deren Erf\u00fcllung die Durchf\u00fchrung des Vertrages erst m\u00f6glich macht und auf deren Einhaltung Sie als Vertragspartner vertrauen d\u00fcrfen, auf Schadensersatz \u2013 und zwar beschr\u00e4nkt auf den Ersatz des typischen, vorhersehbaren Schadens.<br \/>\n(5) Wir haften nicht f\u00fcr Datenverluste, wenn und soweit die Datenverluste durch Ihnen zumutbare Datensicherungsvorkehrungen h\u00e4tten vermieden werden k\u00f6nnen.<\/p>\n<p>\u00a7 11 Streitbeilegung<br \/>\n(1) Die Europ\u00e4ische Kommission stellt eine Plattform zur Online-Streitbeilegung (OS) bereit, die Sie hier finden\u00a0<a href=\"https:\/\/ec.europa.eu\/consumers\/odr\" target=\"_blank\" rel=\"noopener\">https:\/\/ec.europa.eu\/consumers\/odr<\/a>.<br \/>\n(2) Zur Teilnahme an einem Streitbeilegungsverfahren vor einer Verbraucherschlichtungsstelle sind wir nicht verpflichtet und nicht bereit.<\/p>\n<p>\u00a7 13 Schlussbestimmung<br \/>\n(1) Alle Vertr\u00e4ge, f\u00fcr die diese AGB gelten, und alle damit in Zusammenhang stehenden eventuellen Streitigkeiten unterliegen ausschlie\u00dflich deutschem Recht. Das UN-Kaufrecht ist nicht anwendbar.<br \/>\n(2) Ausschlie\u00dflicher Gerichtsstand f\u00fcr alle in Absatz (1) bezeichneten Streitigkeiten ist der Sitz des Anbieters, sofern Sie Vollkaufmann, juristische Person des \u00f6ffentlichen Rechts oder \u00f6ffentlich-rechtliches Sonderverm\u00f6gen sind oder keinen allgemeinen Gerichtsstand in Deutschland haben.<br \/>\n(3) Sollte eine der vorstehenden Bestimmungen unwirksam oder nichtig sein, tritt an deren Stelle diejenige rechtlich zul\u00e4ssige Regelung, welche dem wirtschaftlichen Zweck der unwirksamen oder nichtigen Bestimmung am n\u00e4chsten kommt. Die Wirksamkeit der \u00fcbrigen Bestimmungen bleibt unber\u00fchrt. Entsprechendes gilt f\u00fcr eine Regelungsl\u00fccke.<\/p>\n<p>Stand: 10.03.2018<\/p>\n","protected":false},"excerpt":{"rendered":"<p>\u00a7 1 Geltung der Allgemeinen Gesch\u00e4ftsbedingungen (1) Diese Allgemeinen Gesch\u00e4ftsbedingungen (im Folgenden: \u201eAGB\u201c) gelten f\u00fcr alle im Online-Shop von 123chemie, Benno K\u00f6hler, Fasanenweg 9, 34626 Neukirchen (im Folgenden auch: \u201ewir\u201c oder \u201euns&#8220;) get\u00e4tigten Bestellungen. Die AGB gelten unabh\u00e4ngig davon, ob Sie als Verbraucher, Unternehmer, Kaufmann oder z. B. juristische Person des \u00f6ffentlichen Rechts bestellen. (2) [&hellip;]<\/p>\n","protected":false},"author":1,"featured_media":0,"parent":0,"menu_order":0,"comment_status":"open","ping_status":"open","template":"page_volle-breite.php","meta":{"footnotes":""},"class_list":["post-17","page","type-page","status-publish","hentry"],"yoast_head":"<!-- This site is optimized with the Yoast SEO plugin v26.7 - https:\/\/yoast.com\/wordpress\/plugins\/seo\/ -->\n<title>AGB \u2013 Nutzungsbestimmungen und Allgemeine Gesch\u00e4ftsbedingungen<\/title>\n<meta name=\"description\" content=\"\u00a7 1 Geltung der Allgemeinen Gesch\u00e4ftsbedingungen (1) Diese Allgemeinen Gesch\u00e4ftsbedingungen (im Folgenden: \u201eAGB\u201c) gelten f\u00fcr alle im Online-Shop von\" \/>\n<meta name=\"robots\" content=\"index, follow, max-snippet:-1, max-image-preview:large, max-video-preview:-1\" \/>\n<link rel=\"canonical\" href=\"https:\/\/www.123chemie.de\/onlineshop\/agb\/\" \/>\n<meta property=\"og:locale\" content=\"de_DE\" \/>\n<meta property=\"og:type\" content=\"article\" \/>\n<meta property=\"og:title\" content=\"AGB \u2013 Nutzungsbestimmungen und Allgemeine Gesch\u00e4ftsbedingungen\" \/>\n<meta property=\"og:description\" content=\"\u00a7 1 Geltung der Allgemeinen Gesch\u00e4ftsbedingungen (1) Diese Allgemeinen Gesch\u00e4ftsbedingungen (im Folgenden: \u201eAGB\u201c) gelten f\u00fcr alle im Online-Shop von\" \/>\n<meta property=\"og:url\" content=\"https:\/\/www.123chemie.de\/onlineshop\/agb\/\" \/>\n<meta property=\"og:site_name\" content=\"Onlineshop 123Chemie\" \/>\n<meta property=\"article:modified_time\" content=\"2018-03-21T11:20:56+00:00\" \/>\n<meta name=\"twitter:label1\" content=\"Gesch\u00e4tzte Lesezeit\" \/>\n\t<meta name=\"twitter:data1\" content=\"8\u00a0Minuten\" \/>\n<script type=\"application\/ld+json\" class=\"yoast-schema-graph\">{\"@context\":\"https:\/\/schema.org\",\"@graph\":[{\"@type\":\"WebPage\",\"@id\":\"https:\/\/www.123chemie.de\/onlineshop\/agb\/\",\"url\":\"https:\/\/www.123chemie.de\/onlineshop\/agb\/\",\"name\":\"AGB \u2013 Nutzungsbestimmungen und Allgemeine Gesch\u00e4ftsbedingungen\",\"isPartOf\":{\"@id\":\"https:\/\/www.123chemie.de\/onlineshop\/#website\"},\"datePublished\":\"2015-04-03T13:57:47+00:00\",\"dateModified\":\"2018-03-21T11:20:56+00:00\",\"description\":\"\u00a7 1 Geltung der Allgemeinen Gesch\u00e4ftsbedingungen (1) Diese Allgemeinen Gesch\u00e4ftsbedingungen (im Folgenden: \u201eAGB\u201c) gelten f\u00fcr alle im Online-Shop von\",\"breadcrumb\":{\"@id\":\"https:\/\/www.123chemie.de\/onlineshop\/agb\/#breadcrumb\"},\"inLanguage\":\"de\",\"potentialAction\":[{\"@type\":\"ReadAction\",\"target\":[\"https:\/\/www.123chemie.de\/onlineshop\/agb\/\"]}]},{\"@type\":\"BreadcrumbList\",\"@id\":\"https:\/\/www.123chemie.de\/onlineshop\/agb\/#breadcrumb\",\"itemListElement\":[{\"@type\":\"ListItem\",\"position\":1,\"name\":\"Startseite\",\"item\":\"https:\/\/www.123chemie.de\/onlineshop\/\"},{\"@type\":\"ListItem\",\"position\":2,\"name\":\"AGB \u2013 Nutzungsbestimmungen und Allgemeine Gesch\u00e4ftsbedingungen\"}]},{\"@type\":\"WebSite\",\"@id\":\"https:\/\/www.123chemie.de\/onlineshop\/#website\",\"url\":\"https:\/\/www.123chemie.de\/onlineshop\/\",\"name\":\"Onlineshop 123Chemie\",\"description\":\"\",\"potentialAction\":[{\"@type\":\"SearchAction\",\"target\":{\"@type\":\"EntryPoint\",\"urlTemplate\":\"https:\/\/www.123chemie.de\/onlineshop\/?s={search_term_string}\"},\"query-input\":{\"@type\":\"PropertyValueSpecification\",\"valueRequired\":true,\"valueName\":\"search_term_string\"}}],\"inLanguage\":\"de\"}]}<\/script>\n<!-- \/ Yoast SEO plugin. -->","yoast_head_json":{"title":"AGB \u2013 Nutzungsbestimmungen und Allgemeine Gesch\u00e4ftsbedingungen","description":"\u00a7 1 Geltung der Allgemeinen Gesch\u00e4ftsbedingungen (1) Diese Allgemeinen Gesch\u00e4ftsbedingungen (im Folgenden: \u201eAGB\u201c) gelten f\u00fcr alle im Online-Shop von","robots":{"index":"index","follow":"follow","max-snippet":"max-snippet:-1","max-image-preview":"max-image-preview:large","max-video-preview":"max-video-preview:-1"},"canonical":"https:\/\/www.123chemie.de\/onlineshop\/agb\/","og_locale":"de_DE","og_type":"article","og_title":"AGB \u2013 Nutzungsbestimmungen und Allgemeine Gesch\u00e4ftsbedingungen","og_description":"\u00a7 1 Geltung der Allgemeinen Gesch\u00e4ftsbedingungen (1) Diese Allgemeinen Gesch\u00e4ftsbedingungen (im Folgenden: \u201eAGB\u201c) gelten f\u00fcr alle im Online-Shop von","og_url":"https:\/\/www.123chemie.de\/onlineshop\/agb\/","og_site_name":"Onlineshop 123Chemie","article_modified_time":"2018-03-21T11:20:56+00:00","twitter_misc":{"Gesch\u00e4tzte Lesezeit":"8\u00a0Minuten"},"schema":{"@context":"https:\/\/schema.org","@graph":[{"@type":"WebPage","@id":"https:\/\/www.123chemie.de\/onlineshop\/agb\/","url":"https:\/\/www.123chemie.de\/onlineshop\/agb\/","name":"AGB \u2013 Nutzungsbestimmungen und Allgemeine Gesch\u00e4ftsbedingungen","isPartOf":{"@id":"https:\/\/www.123chemie.de\/onlineshop\/#website"},"datePublished":"2015-04-03T13:57:47+00:00","dateModified":"2018-03-21T11:20:56+00:00","description":"\u00a7 1 Geltung der Allgemeinen Gesch\u00e4ftsbedingungen (1) Diese Allgemeinen Gesch\u00e4ftsbedingungen (im Folgenden: \u201eAGB\u201c) gelten f\u00fcr alle im Online-Shop von","breadcrumb":{"@id":"https:\/\/www.123chemie.de\/onlineshop\/agb\/#breadcrumb"},"inLanguage":"de","potentialAction":[{"@type":"ReadAction","target":["https:\/\/www.123chemie.de\/onlineshop\/agb\/"]}]},{"@type":"BreadcrumbList","@id":"https:\/\/www.123chemie.de\/onlineshop\/agb\/#breadcrumb","itemListElement":[{"@type":"ListItem","position":1,"name":"Startseite","item":"https:\/\/www.123chemie.de\/onlineshop\/"},{"@type":"ListItem","position":2,"name":"AGB \u2013 Nutzungsbestimmungen und Allgemeine Gesch\u00e4ftsbedingungen"}]},{"@type":"WebSite","@id":"https:\/\/www.123chemie.de\/onlineshop\/#website","url":"https:\/\/www.123chemie.de\/onlineshop\/","name":"Onlineshop 123Chemie","description":"","potentialAction":[{"@type":"SearchAction","target":{"@type":"EntryPoint","urlTemplate":"https:\/\/www.123chemie.de\/onlineshop\/?s={search_term_string}"},"query-input":{"@type":"PropertyValueSpecification","valueRequired":true,"valueName":"search_term_string"}}],"inLanguage":"de"}]}},"_links":{"self":[{"href":"https:\/\/www.123chemie.de\/onlineshop\/wp-json\/wp\/v2\/pages\/17","targetHints":{"allow":["GET"]}}],"collection":[{"href":"https:\/\/www.123chemie.de\/onlineshop\/wp-json\/wp\/v2\/pages"}],"about":[{"href":"https:\/\/www.123chemie.de\/onlineshop\/wp-json\/wp\/v2\/types\/page"}],"author":[{"embeddable":true,"href":"https:\/\/www.123chemie.de\/onlineshop\/wp-json\/wp\/v2\/users\/1"}],"replies":[{"embeddable":true,"href":"https:\/\/www.123chemie.de\/onlineshop\/wp-json\/wp\/v2\/comments?post=17"}],"version-history":[{"count":4,"href":"https:\/\/www.123chemie.de\/onlineshop\/wp-json\/wp\/v2\/pages\/17\/revisions"}],"predecessor-version":[{"id":164,"href":"https:\/\/www.123chemie.de\/onlineshop\/wp-json\/wp\/v2\/pages\/17\/revisions\/164"}],"wp:attachment":[{"href":"https:\/\/www.123chemie.de\/onlineshop\/wp-json\/wp\/v2\/media?parent=17"}],"curies":[{"name":"wp","href":"https:\/\/api.w.org\/{rel}","templated":true}]}}